{"id":102,"date":"2019-06-15T16:02:07","date_gmt":"2019-06-15T16:02:07","guid":{"rendered":"http:\/\/klavierstunden-in-wuerzburg.de\/?page_id=102"},"modified":"2024-10-25T08:51:22","modified_gmt":"2024-10-25T07:51:22","slug":"impressum","status":"publish","type":"page","link":"https:\/\/klavierstunden-in-wuerzburg.de\/?page_id=102","title":{"rendered":"Impressum"},"content":{"rendered":"<p>[et_pb_section fb_built=&#8220;1&#8243; _builder_version=&#8220;4.16&#8243; global_colors_info=&#8220;{}&#8220;][et_pb_row _builder_version=&#8220;4.16&#8243; global_colors_info=&#8220;{}&#8220;][et_pb_column type=&#8220;4_4&#8243; _builder_version=&#8220;4.16&#8243; custom_padding=&#8220;|||&#8220; global_colors_info=&#8220;{}&#8220; custom_padding__hover=&#8220;|||&#8220;][et_pb_text _builder_version=&#8220;4.16&#8243; text_font=&#8220;||||||||&#8220; text_font_size=&#8220;18px&#8220; global_colors_info=&#8220;{}&#8220;]<\/p>\n<h1><span style=\"text-decoration: underline;\"><strong>Impressum<\/strong><\/span><\/h1>\n<p>[\/et_pb_text][et_pb_text _builder_version=&#8220;4.16&#8243; text_font=&#8220;||||||||&#8220; text_font_size=&#8220;18px&#8220; global_colors_info=&#8220;{}&#8220;]<\/p>\n<p>Verantwortlich f\u00fcr den Inhalt dieser Website:<\/p>\n<p>&nbsp;<\/p>\n<p>Anna Scheps<\/p>\n<p>Hans Sch\u00f6bel Schule<br \/>Berner Stra\u00dfe 10<br \/>97084 W\u00fcrzburg<\/p>\n<p>Tel.: 0152 33648362\u202c<\/p>\n<p>E-mail: info@klavierstunden-in-wuerzburg.de<\/p>\n<p>[\/et_pb_text][\/et_pb_column][\/et_pb_row][et_pb_row _builder_version=&#8220;4.16&#8243; global_colors_info=&#8220;{}&#8220;][et_pb_column type=&#8220;4_4&#8243; _builder_version=&#8220;4.16&#8243; custom_padding=&#8220;|||&#8220; global_colors_info=&#8220;{}&#8220; custom_padding__hover=&#8220;|||&#8220;][et_pb_text _builder_version=&#8220;4.16&#8243; global_colors_info=&#8220;{}&#8220;]<\/p>\n<div class=\"et_pb_module et_pb_text et_pb_text_3 et_pb_bg_layout_light  et_pb_text_align_left\">\n<div class=\"et_pb_text_inner\">\n<h3>COPYRIGHT<\/h3>\n<p>Alle Texte, Bilder und Grafiken sind durch Copyright gesch\u00fctzt und sind entweder geistiges Eigentum von Anna Scheps, Dr. Wolf-Gunter Steinmetz, oder werden mit entsprechender Erlaubnis der Urheber verwendet. Die kommerzielle Verwendung oder sonstige Verbreitung der Inhalte ist nur mit ausdr\u00fccklicher Genehmigung von Dr. Steinmetz erlaubt.<\/p>\n<\/div>\n<\/div>\n<div class=\"et_pb_module et_pb_text et_pb_text_4 et_pb_bg_layout_light  et_pb_text_align_left\">\n<div class=\"et_pb_text_inner\">\n<h3><a href=\"https:\/\/klavierstunden-in-wuerzburg.de\/?page_id=97\">DATENSCHUTZERKL\u00c4RUNG<\/a><\/h3>\n<div class=\"column-2-3\">Wir richten uns nach den Bestimmungen der EU-Datenschutz-Grundverordnung (DSGVGO). N\u00e4here Angaben finden Sie auf <a href=\"https:\/\/klavierstunden-in-wuerzburg.de\/?page_id=97\">dieser gesonderten Seite.<\/a><\/div>\n<\/div>\n<\/div>\n<div class=\"et_pb_module et_pb_text et_pb_text_5 et_pb_bg_layout_light  et_pb_text_align_left\">\n<div class=\"et_pb_text_inner\">\n<h3>EXTERNE LINKS<\/h3>\n<p>Alle auf dieser Webpr\u00e4senz angebotenen externen Links sind streng selektiert und werden von uns periodisch kontrolliert. Dennoch haben \u00a0wir keinerlei Kontrolle \u00fcber die Inhalte der hier verlinkten Websites anderer Firmen und Personen. Daher lehnen wir jedwede Verantwortung f\u00fcr die Funktionst\u00fcchtigkeit der Links, insbesondere aber f\u00fcr die dort ver\u00f6ffentlichten Inhalte ab.<\/p>\n<\/div>\n<\/div>\n<div class=\"et_pb_module et_pb_text et_pb_text_6 et_pb_bg_layout_light  et_pb_text_align_left\">\n<div class=\"et_pb_text_inner\">\n<h3>VERWENDUNG VON FACEBOOK UND TWITTER SOCIAL PLUGINS<\/h3>\n<p>Unser Internetauftritt verwendet Social Plugins (\u201cPlugins\u201d) des sozialen Netzwerkes facebook.com, welches von der Facebook Inc., 1601 S. California Ave, Palo Alto, CA 94304, USA betrieben wird (\u201cFacebook\u201d), sowie des sozialen Netzwerkes twitter.com, welches von Twitter Inc., 1355 Market Street\u00a0Suite 900,\u00a0San Francisco, CA 94103 betrieben wird (\u201eTwitter\u201c). Die Plugins sind an einem der Facebook Logos erkennbar (weisses \u201ef\u201c auf blauer Kachel oder ein \u201eDaumen hoch\u201c-Zeichen) oder sind mit dem Zusatz \u201cFacebook Social Plugin\u201d gekennzeichnet.\u00a0Analog sind Twitter Plugins durch das Twitter Logo eines stilisierten Vogels gekennzeichnet. Wenn Sie eine Webseite unseres Internetauftritts aufrufen, die ein solches Plugin enth\u00e4lt, baut Ihr Browser eine direkte Verbindung mit den Servern von Facebook, bzw. Twitter auf. Der Inhalt des Plugins wird von der jeweiligen Firma\u00a0direkt an Ihren Browser \u00fcbermittelt und von diesem in die Webseite eingebunden. Wir haben daher keinen Einfluss auf den Umfang der Daten, die Facebook oder Twitter mit Hilfe dieser Plugins erheben und informieren Sie daher entsprechend unserem\u00a0Kenntnisstand: Durch die Einbindung der Plugins erh\u00e4lt Facebook, bzw. Twitter die Information, dass Sie die entsprechende Seite unseres Internetauftritts aufgerufen haben. Sind Sie bei Facebook oder Twitter eingeloggt, kann die Platform\u00a0den Besuch Ihrem Nutzer-Konto zuordnen. Wenn Sie mit den Plugins interagieren, zum Beispiel den Like Button bet\u00e4tigen oder einen Kommentar abgeben, wird die entsprechende Information von Ihrem Browser direkt an das social network \u00fcbermittelt und dort gespeichert. Falls Sie kein Mitglied von Facebook sind, besteht trotzdem die M\u00f6glichkeit, dass Facebook Ihre IP-Adresse in Erfahrung bringt und speichert. Zweck und Umfang der Datenerhebung und die weitere Verarbeitung und Nutzung der Daten durch Facebook oder Twitter sowie Ihre diesbez\u00fcglichen Rechte und Einstellungsm\u00f6glichkeiten zum Schutz Ihrer Privatsph\u00e4re entnehmen Sie bitte den\u00a0Datenschutzhinweisen von<a href=\"http:\/\/de-de.facebook.com\/policy.php\" target=\"_blank\" rel=\"external noopener noreferrer\"> Facebook<\/a>, bzw. <a href=\"https:\/\/about.twitter.com\/safety\" target=\"_blank\" rel=\"noopener noreferrer\">Twitter<\/a>. Wenn Sie Facebookmitglied sind und nicht m\u00f6chten, dass Facebook \u00fcber unseren Internetauftritt Daten \u00fcber Sie sammelt und mit Ihren bei Facebook gespeicherten Mitgliedsdaten verkn\u00fcpft, m\u00fcssen Sie sich vor Ihrem Besuch unseres Internetauftritts bei Facebook ausloggen. Ebenfalls ist es m\u00f6glich Facebook-Social-Plugins mit Add-ons f\u00fcr Ihren Browser zu blocken, zum Beispiel mit dem \u201c<a href=\"http:\/\/www.webgraph.com\/resources\/facebookblocker\/\" target=\"_blank\" rel=\"external noopener noreferrer\">Facebook Blocker<\/a>\u201c.<\/p>\n<\/div>\n<\/div>\n<p>[\/et_pb_text][\/et_pb_column][\/et_pb_row][\/et_pb_section]<\/p>\n","protected":false},"excerpt":{"rendered":"<p>ImpressumVerantwortlich f\u00fcr den Inhalt dieser Website: &nbsp; Anna Scheps Hans Sch\u00f6bel SchuleBerner Stra\u00dfe 1097084 W\u00fcrzburg Tel.: 0152 33648362\u202c E-mail: info@klavierstunden-in-wuerzburg.de COPYRIGHT Alle Texte, Bilder und Grafiken sind durch Copyright gesch\u00fctzt und sind entweder geistiges Eigentum von Anna Scheps, Dr. Wolf-Gunter Steinmetz, oder werden mit entsprechender Erlaubnis der Urheber verwendet. Die kommerzielle Verwendung oder sonstige Verbreitung [&hellip;]<\/p>\n","protected":false},"author":1,"featured_media":0,"parent":0,"menu_order":0,"comment_status":"closed","ping_status":"closed","template":"","meta":{"_et_pb_use_builder":"on","_et_pb_old_content":"","_et_gb_content_width":"","footnotes":""},"class_list":["post-102","page","type-page","status-publish","hentry"],"_links":{"self":[{"href":"https:\/\/klavierstunden-in-wuerzburg.de\/index.php?rest_route=\/wp\/v2\/pages\/102","targetHints":{"allow":["GET"]}}],"collection":[{"href":"https:\/\/klavierstunden-in-wuerzburg.de\/index.php?rest_route=\/wp\/v2\/pages"}],"about":[{"href":"https:\/\/klavierstunden-in-wuerzburg.de\/index.php?rest_route=\/wp\/v2\/types\/page"}],"author":[{"embeddable":true,"href":"https:\/\/klavierstunden-in-wuerzburg.de\/index.php?rest_route=\/wp\/v2\/users\/1"}],"replies":[{"embeddable":true,"href":"https:\/\/klavierstunden-in-wuerzburg.de\/index.php?rest_route=%2Fwp%2Fv2%2Fcomments&post=102"}],"version-history":[{"count":2,"href":"https:\/\/klavierstunden-in-wuerzburg.de\/index.php?rest_route=\/wp\/v2\/pages\/102\/revisions"}],"predecessor-version":[{"id":144,"href":"https:\/\/klavierstunden-in-wuerzburg.de\/index.php?rest_route=\/wp\/v2\/pages\/102\/revisions\/144"}],"wp:attachment":[{"href":"https:\/\/klavierstunden-in-wuerzburg.de\/index.php?rest_route=%2Fwp%2Fv2%2Fmedia&parent=102"}],"curies":[{"name":"wp","href":"https:\/\/api.w.org\/{rel}","templated":true}]}}